{"id":407,"date":"2019-03-01T19:48:32","date_gmt":"2019-03-01T18:48:32","guid":{"rendered":"https:\/\/benalcazardorantes.com\/inicio\/?page_id=407"},"modified":"2019-03-09T23:59:44","modified_gmt":"2019-03-09T22:59:44","slug":"publicaciones","status":"publish","type":"page","link":"https:\/\/benalcazardorantes.com\/inicio\/publicaciones\/","title":{"rendered":"Publicaciones"},"content":{"rendered":"<section class=\"kc-elm kc-css-675374 kc_row\"><div class=\"kc-row-container  kc-container\"><div class=\"kc-wrap-columns\"><div class=\"kc-elm kc-css-828389 kc_col-sm-6 kc_column kc_col-sm-6\"><div class=\"kc-col-container\">\n<div class=\"kc-elm kc-css-238064 kc-title-wrap \">\n\n\t<h1 class=\"kc_title\">Publicaciones<\/h1>\n<\/div>\n\n<div class=\"kc-elm kc-css-88643 kc-title-wrap \">\n\n\t<h4 class=\"kc_title\">- EL ACTO ADMINISTRATIVO EN MATERIA TRIBUTARIA, Quito, Ediciones Legales Corporaci\u00f3n Myl, 2006.<\/h4>\n<\/div>\n\n<div class=\"kc-elm kc-css-486801 kc-title-wrap \">\n\n\t<h5 class=\"kc_title\"><a href=\"https:\/\/benalcazardorantes.com\/EL-ACTO-ADMINISTRATIVO-EN-MATERIA-TRIBUTARIA.pdf\" class=\"kc_title_link\" title=\"\" target=\"_blank\">Descargar PDF<\/a><\/h5>\n<\/div>\n\n<div class=\"kc-elm kc-css-725830 kc-title-wrap \">\n\n\t<h4 class=\"kc_title\">- DERECHO PROCESAL ADMINISTRATIVO ECUATORIANO, Quito, Andrade & Asociados Fondo Editorial, 2007. Premio \"Jos\u00e9 Mar\u00eda Velasco Ibarra\" del I. Municipio del Distrito Metropolitano de Quito a la mejor obra en el campo del Derecho p\u00fablico (2007).<\/h4>\n<\/div>\n\n<div class=\"kc-elm kc-css-825944 kc-title-wrap \">\n\n\t<h5 class=\"kc_title\"><a href=\"https:\/\/benalcazardorantes.com\/DERECHO-PROCESAL-ADMINISTRATIVO-ECUATORIANO.pdf\" class=\"kc_title_link\" title=\"\" target=\"_blank\">Descargar PDF<\/a><\/h5>\n<\/div>\n\n<div class=\"kc-elm kc-css-295579 kc-title-wrap \">\n\n\t<h4 class=\"kc_title\">- LA EJECUCI\u00d3N DE LA SENTENCIA EN EL PROCESO CONTENCIOSO ADMINISTRATIVO, M\u00e9xico, Editorial NOVUM, 2012.<\/h4>\n<\/div>\n\n<div class=\"kc-elm kc-css-611496 kc-title-wrap \">\n\n\t<h4 class=\"kc_title\">- LA RELACI\u00d3N DEL DERECHO ELECTORAL CON OTRAS RAMAS DEL DERECHO. En coautor\u00eda con Mgs. Santiago Machuca Lozano, Quito, Defensor\u00eda P\u00fablica, 2018.\r\n<\/h4>\n<\/div>\n\n<div class=\"kc-elm kc-css-465757 kc-title-wrap \">\n\n\t<h4 class=\"kc_title\">- El Proceso Contencioso Administrativo en el C\u00f3digo Org\u00e1nico General de Procesos, en Ius Humani, Revista de Derecho, Universidad de los Hemisferios, Quito.\r\n<\/h4>\n<\/div>\n\n<div class=\"kc-elm kc-css-761855 kc-title-wrap \">\n\n\t<h5 class=\"kc_title\"><a href=\"https:\/\/dialnet.unirioja.es\/servlet\/articulo?codigo=5771469\" class=\"kc_title_link\" title=\"\" target=\"_blank\">M\u00e1s Informaci\u00f3n<\/a><\/h5>\n<\/div>\n\n<div class=\"kc-elm kc-css-183259 kc-title-wrap \">\n\n\t<h4 class=\"kc_title\">- Los Actos Administrativos Consensuales: una t\u00e9cnica para el ejercicio de la participaci\u00f3n ciudadana en las decisiones de la Administraci\u00f3n P\u00fablica, colecci\u00f3n \u201cLecturas Jur\u00eddicas\u201d, No. 35, M\u00e9xico, Facultad de Derecho, Universidad Nacional Aut\u00f3noma de M\u00e9xico.\r\n<\/h4>\n<\/div>\n\n<div class=\"kc-elm kc-css-43890 kc-title-wrap \">\n\n\t<h5 class=\"kc_title\"><a href=\"https:\/\/archivos.juridicas.unam.mx\/www\/bjv\/libros\/9\/4159\/2.pdf\" class=\"kc_title_link\" title=\"\" target=\"_blank\">M\u00e1s Informaci\u00f3n<\/a><\/h5>\n<\/div>\n\n<div class=\"kc-elm kc-css-534211 kc-title-wrap \">\n\n\t<h4 class=\"kc_title\">- La autonom\u00eda financiera municipal en el Ecuador, con especial referencia a los ingresos tributarios y a la potestad tributaria de los municipios, en Ius, Revista del Instituto de Ciencias Jur\u00eddicas de Puebla.<\/h4>\n<\/div>\n\n<div class=\"kc-elm kc-css-335532 kc-title-wrap \">\n\n\t<h5 class=\"kc_title\"><a href=\"https:\/\/revistaius.com\/index.php\/ius\/article\/view\/30\" class=\"kc_title_link\" title=\"\" target=\"_blank\">M\u00e1s Informaci\u00f3n<\/a><\/h5>\n<\/div>\n\n<div class=\"kc-elm kc-css-758118 kc-title-wrap \">\n\n\t<h4 class=\"kc_title\">- Elementos de la Cultura Tributaria en el Ecuador, en Cultura Contributiva en Am\u00e9rica Latina, M\u00e9xico, Procuradur\u00eda de Defensa del Contribuyente.<\/h4>\n<\/div>\n\n<div class=\"kc-elm kc-css-15476 kc-title-wrap \">\n\n\t<h5 class=\"kc_title\"><a href=\"http:\/\/www.prodecon.gob.mx\/Documentos\/Cultura%20Contributiva\/Memorias\/ccenal\/files\/basic-html\/page112.html\" class=\"kc_title_link\" title=\"\" target=\"_blank\">M\u00e1s Informaci\u00f3n<\/a><\/h5>\n<\/div>\n\n<div class=\"kc-elm kc-css-719404 kc-title-wrap \">\n\n\t<h4 class=\"kc_title\"><a href=\"https:\/\/dialnet.unirioja.es\/servlet\/articulo?codigo=3022012\" class=\"kc_title_link\" title=\"\" target=\"_blank\">- La naturaleza jur\u00eddica de las relaciones entre los usuarios de los servicios p\u00fablicos y los concesionarios, en Actualidad de los servicios p\u00fablicos en Latinoam\u00e9rica, M\u00e9xico.<\/a><\/h4>\n<\/div>\n\n<div class=\"kc-elm kc-css-194223 kc-title-wrap \">\n\n\t<h5 class=\"kc_title\"><a href=\"https:\/\/dialnet.unirioja.es\/servlet\/articulo?codigo=3022012\" class=\"kc_title_link\" title=\"\" target=\"_blank\">M\u00e1s Informaci\u00f3n<\/a><\/h5>\n<\/div>\n\n<div class=\"kc-elm kc-css-491004 kc-title-wrap \">\n\n\t<h4 class=\"kc_title\"><a href=\"https:\/\/dialnet.unirioja.es\/servlet\/articulo?codigo=3646655\" class=\"kc_title_link\" title=\"\" target=\"_blank\">- Ecuador. El municipio, en R\u00e9gimen Jur\u00eddico Municipal en Iberoam\u00e9rica, M\u00e9xico.<\/a><\/h4>\n<\/div>\n\n<div class=\"kc-elm kc-css-816703 kc-title-wrap \">\n\n\t<h5 class=\"kc_title\"><a href=\"https:\/\/dialnet.unirioja.es\/servlet\/articulo?codigo=3646655\" class=\"kc_title_link\" title=\"\" target=\"_blank\">M\u00e1s Informaci\u00f3n<\/a><\/h5>\n<\/div>\n\n<div class=\"kc-elm kc-css-340125 kc-title-wrap \">\n\n\t<h4 class=\"kc_title\">- Reflexiones sobre la validez e invalidez de los actos administrativos, en Revista de la Facultad de Derecho de M\u00e9xico, M\u00e9xico, Universidad Nacional Aut\u00f3noma de M\u00e9xico, 2017.<\/h4>\n<\/div>\n\n<div class=\"kc-elm kc-css-362463 kc-title-wrap \">\n\n\t<h5 class=\"kc_title\"><a href=\"https:\/\/revistas-colaboracion.juridicas.unam.mx\/index.php\/rev-facultad-derecho-mx\/article\/viewFile\/32840\/29804\" class=\"kc_title_link\" title=\"\" target=\"_blank\">M\u00e1s Informaci\u00f3n<\/a><\/h5>\n<\/div>\n\n<div class=\"kc-elm kc-css-956701 kc-title-wrap \">\n\n\t<h4 class=\"kc_title\">- La facultad reglamentaria de los \u00f3rganos electorales, en Revista Paran\u00e1 Eleitoral, Curitiba.<\/h4>\n<\/div>\n\n<div class=\"kc-elm kc-css-633541 kc-title-wrap \">\n\n\t<h5 class=\"kc_title\"><a href=\"https:\/\/revistas.ufpr.br\/pe\/article\/download\/42749\/25907\" class=\"kc_title_link\" title=\"\" target=\"_blank\">M\u00e1s Informaci\u00f3n<\/a><\/h5>\n<\/div>\n<\/div><\/div><div class=\"kc-elm kc-css-539911 kc_col-sm-6 kc_column kc_col-sm-6\"><div class=\"kc-col-container\"><div class=\"kc-elm kc-css-610291 kc_shortcode kc_single_image\">\n\n        <img decoding=\"async\" src=\"https:\/\/benalcazardorantes.com\/wp-content\/uploads\/2019\/03\/PARA-PUBLICACIONES.jpg\" class=\"\" alt=\"\" \/>    <\/div>\n\n<div class=\"kc-elm kc-css-577586 kc-title-wrap \">\n\n\t<h1 class=\"kc_title\">Solicite Informaci\u00f3n<\/h1>\n<\/div>\n<div class=\"kc-elm kc-css-415608 kc-raw-code\"><div class=\"frm_forms  with_frm_style frm_style_formidable-style\" id=\"frm_form_1_container\" >\n<form enctype=\"multipart\/form-data\" method=\"post\" class=\"frm-show-form \" id=\"form_contact-form\" >\n<div class=\"frm_form_fields \">\n<fieldset>\n<legend class=\"frm_screen_reader\">Cont\u00e1ctanos<\/legend>\r\n\r\n<div class=\"frm_fields_container\">\n<input type=\"hidden\" name=\"frm_action\" value=\"create\" \/>\n<input type=\"hidden\" name=\"form_id\" value=\"1\" \/>\n<input type=\"hidden\" name=\"frm_hide_fields_1\" id=\"frm_hide_fields_1\" value=\"\" \/>\n<input type=\"hidden\" name=\"form_key\" value=\"contact-form\" \/>\n<input type=\"hidden\" name=\"item_meta[0]\" value=\"\" \/>\n<input type=\"hidden\" id=\"frm_submit_entry_1\" name=\"frm_submit_entry_1\" value=\"9deff13dbd\" \/><input type=\"hidden\" name=\"_wp_http_referer\" value=\"\/inicio\/wp-json\/wp\/v2\/pages\/407\" \/><div id=\"frm_field_1_container\" class=\"frm_form_field form-field  frm_required_field frm_top_container frm_first frm_half\">\r\n    <label for=\"field_qh4icy\" id=\"field_qh4icy_label\" class=\"frm_primary_label\">Nombre\r\n        <span class=\"frm_required\"><\/span>\r\n    <\/label>\r\n    <input type=\"text\" id=\"field_qh4icy\" name=\"item_meta[1]\" value=\"\"  data-reqmsg=\"Este campo no puede estar en blanco.\" aria-required=\"true\" data-invmsg=\"Name no es v\u00e1lido\" aria-invalid=\"false\"   aria-describedby=\"frm_desc_field_qh4icy\"\/>\r\n    <div class=\"frm_description\" id=\"frm_desc_field_qh4icy\">Primer Nombre<\/div>\r\n    \r\n<\/div>\n<div id=\"frm_field_2_container\" class=\"frm_form_field form-field  frm_required_field frm_hidden_container frm_half\">\r\n    <label for=\"field_ocfup1\" id=\"field_ocfup1_label\" class=\"frm_primary_label\">Apellido\r\n        <span class=\"frm_required\"><\/span>\r\n    <\/label>\r\n    <input type=\"text\" id=\"field_ocfup1\" name=\"item_meta[2]\" value=\"\"  data-reqmsg=\"Este campo no puede estar en blanco.\" aria-required=\"true\" data-invmsg=\"Last no es v\u00e1lido\" aria-invalid=\"false\"   aria-describedby=\"frm_desc_field_ocfup1\"\/>\r\n    <div class=\"frm_description\" id=\"frm_desc_field_ocfup1\">Apellido<\/div>\r\n    \r\n<\/div>\n<div id=\"frm_field_3_container\" class=\"frm_form_field form-field  frm_required_field frm_top_container frm_full\">\r\n    <label for=\"field_29yf4d\" id=\"field_29yf4d_label\" class=\"frm_primary_label\">Correo Electr\u00f3nico\r\n        <span class=\"frm_required\"><\/span>\r\n    <\/label>\r\n    <input type=\"email\" id=\"field_29yf4d\" name=\"item_meta[3]\" value=\"\"  data-reqmsg=\"Este campo no puede estar en blanco.\" aria-required=\"true\" data-invmsg=\"Please enter a valid email address\" aria-invalid=\"false\"  \/>\r\n    \r\n    \r\n<\/div>\n<div id=\"frm_field_4_container\" class=\"frm_form_field form-field  frm_required_field frm_top_container frm_full\">\r\n    <label for=\"field_e6lis6\" id=\"field_e6lis6_label\" class=\"frm_primary_label\">Ingrese el Servicio a Consultar\r\n        <span class=\"frm_required\"><\/span>\r\n    <\/label>\r\n    <input type=\"text\" id=\"field_e6lis6\" name=\"item_meta[4]\" value=\"\"  data-reqmsg=\"Este campo no puede estar en blanco.\" aria-required=\"true\" data-invmsg=\"Subject no es v\u00e1lido\" aria-invalid=\"false\"  \/>\r\n    \r\n    \r\n<\/div>\n<div id=\"frm_field_5_container\" class=\"frm_form_field form-field  frm_required_field frm_top_container frm_full\">\r\n    <label for=\"field_9jv0r1\" id=\"field_9jv0r1_label\" class=\"frm_primary_label\">Mensaje\r\n        <span class=\"frm_required\"><\/span>\r\n    <\/label>\r\n    <textarea name=\"item_meta[5]\" id=\"field_9jv0r1\" rows=\"5\"  data-reqmsg=\"Este campo no puede estar en blanco.\" aria-required=\"true\" data-invmsg=\"Mensaje no es v\u00e1lido\" aria-invalid=\"false\"  ><\/textarea>\r\n    \r\n    \r\n<\/div>\n\t<input type=\"hidden\" name=\"item_key\" value=\"\" \/>\n\t\t\t<div id=\"frm_field_6_container\">\n\t\t\t<label for=\"field_gzt4k\" >\n\t\t\t\tSi eres humano, deja este campo en blanco.\t\t\t<\/label>\n\t\t\t<input  id=\"field_gzt4k\" type=\"text\" class=\"frm_form_field form-field frm_verify\" name=\"item_meta[6]\" value=\"\"  \/>\n\t\t<\/div>\n\t\t<input name=\"frm_state\" type=\"hidden\" value=\"jN\/ZuEgtIV4p0JFW1so\/M9Q1gnViaxyeFOkXzVrSBB0=\" \/><div class=\"frm_submit\">\r\n\r\n<button class=\"frm_button_submit\" type=\"submit\"  >Enviar<\/button>\r\n\r\n<\/div><\/div>\n<\/fieldset>\n<\/div>\n\n<\/form>\n<\/div>\n<\/div><div class=\"kc-elm kc-css-362400 kc_shortcode kc_single_image\">\n\n        <img decoding=\"async\" src=\"https:\/\/benalcazardorantes.com\/wp-content\/uploads\/2019\/03\/icono_publicaciones.png\" class=\"\" alt=\"\" \/>    <\/div>\n<\/div><\/div><\/div><\/div><\/section>\n","protected":false},"excerpt":{"rendered":"","protected":false},"author":1,"featured_media":0,"parent":0,"menu_order":0,"comment_status":"closed","ping_status":"closed","template":"page-template\/full-width.php","meta":{"footnotes":""},"class_list":["post-407","page","type-page","status-publish","hentry"],"_links":{"self":[{"href":"https:\/\/benalcazardorantes.com\/inicio\/wp-json\/wp\/v2\/pages\/407","targetHints":{"allow":["GET"]}}],"collection":[{"href":"https:\/\/benalcazardorantes.com\/inicio\/wp-json\/wp\/v2\/pages"}],"about":[{"href":"https:\/\/benalcazardorantes.com\/inicio\/wp-json\/wp\/v2\/types\/page"}],"author":[{"embeddable":true,"href":"https:\/\/benalcazardorantes.com\/inicio\/wp-json\/wp\/v2\/users\/1"}],"replies":[{"embeddable":true,"href":"https:\/\/benalcazardorantes.com\/inicio\/wp-json\/wp\/v2\/comments?post=407"}],"version-history":[{"count":86,"href":"https:\/\/benalcazardorantes.com\/inicio\/wp-json\/wp\/v2\/pages\/407\/revisions"}],"predecessor-version":[{"id":656,"href":"https:\/\/benalcazardorantes.com\/inicio\/wp-json\/wp\/v2\/pages\/407\/revisions\/656"}],"wp:attachment":[{"href":"https:\/\/benalcazardorantes.com\/inicio\/wp-json\/wp\/v2\/media?parent=407"}],"curies":[{"name":"wp","href":"https:\/\/api.w.org\/{rel}","templated":true}]}}