{"id":358,"date":"2019-03-01T19:19:34","date_gmt":"2019-03-01T18:19:34","guid":{"rendered":"https:\/\/benalcazardorantes.com\/inicio\/?page_id=358"},"modified":"2019-03-09T23:55:41","modified_gmt":"2019-03-09T22:55:41","slug":"derecho-administrativo","status":"publish","type":"page","link":"https:\/\/benalcazardorantes.com\/inicio\/derecho-administrativo\/","title":{"rendered":"Derecho Administrativo"},"content":{"rendered":"<section class=\"kc-elm kc-css-421361 kc_row\"><div class=\"kc-row-container  kc-container\"><div class=\"kc-wrap-columns\"><div class=\"kc-elm kc-css-902014 kc_col-sm-6 kc_column kc_col-sm-6\"><div class=\"kc-col-container\">\n<div class=\"kc-elm kc-css-5786 kc-title-wrap \">\n\n\t<h1 class=\"kc_title\">DERECHO ADMINISTRATIVO<\/h1>\n<\/div>\n<div class=\"kc-elm kc-css-328939 kc_shortcode kc_single_image\">\n\n        <img decoding=\"async\" src=\"https:\/\/benalcazardorantes.com\/wp-content\/uploads\/2019\/03\/PARA-DERECHO-ADMINISTRATIVO.jpg\" class=\"\" alt=\"\" \/>    <\/div>\n\n<div class=\"kc-elm kc-css-588130 kc-title-wrap \">\n\n\t<h4 class=\"kc_title\">El Derecho administrativo es una rama jur\u00eddica que regula la actuaci\u00f3n de la Administraci\u00f3n p\u00fablica y las relaciones de \u00e9sta con los particulares. \r\n<br>\r\nBenalc\u00e1zar Dorantes es una firma altamente capacitada para orientar y patrocinar a nuestros clientes en la resoluci\u00f3n de cualquier problem\u00e1tica que mantengan con entidades p\u00fablicas, como ministerios, entes provinciales, municipales, superintendencias, Contralor\u00eda General del Estado, Instituto Ecuatoriano de Seguridad Social, etc\u00e9tera. \r\n<br>\r\nDentro de esta especialidad, Benalc\u00e1zar Dorantes formula reclamaciones y recursos administrativos y atiende juicios contencioso administrativos.<\/h4>\n<\/div>\n<\/div><\/div><div class=\"kc-elm kc-css-934002 kc_col-sm-6 kc_column kc_col-sm-6\"><div class=\"kc-col-container\">\n<div class=\"kc-elm kc-css-996068 kc-title-wrap \">\n\n\t<h1 class=\"kc_title\">SOLICITA INFORMACI\u00d3N<\/h1>\n<\/div>\n<div class=\"kc-elm kc-css-329546 kc-raw-code\"><div class=\"frm_forms  with_frm_style frm_style_formidable-style\" id=\"frm_form_1_container\" >\n<form enctype=\"multipart\/form-data\" method=\"post\" class=\"frm-show-form \" id=\"form_contact-form\" >\n<div class=\"frm_form_fields \">\n<fieldset>\n<legend class=\"frm_screen_reader\">Cont\u00e1ctanos<\/legend>\r\n\r\n<div class=\"frm_fields_container\">\n<input type=\"hidden\" name=\"frm_action\" value=\"create\" \/>\n<input type=\"hidden\" name=\"form_id\" value=\"1\" \/>\n<input type=\"hidden\" name=\"frm_hide_fields_1\" id=\"frm_hide_fields_1\" value=\"\" \/>\n<input type=\"hidden\" name=\"form_key\" value=\"contact-form\" \/>\n<input type=\"hidden\" name=\"item_meta[0]\" value=\"\" \/>\n<input type=\"hidden\" id=\"frm_submit_entry_1\" name=\"frm_submit_entry_1\" value=\"9deff13dbd\" \/><input type=\"hidden\" name=\"_wp_http_referer\" value=\"\/inicio\/wp-json\/wp\/v2\/pages\/358\" \/><div id=\"frm_field_1_container\" class=\"frm_form_field form-field  frm_required_field frm_top_container frm_first frm_half\">\r\n    <label for=\"field_qh4icy\" id=\"field_qh4icy_label\" class=\"frm_primary_label\">Nombre\r\n        <span class=\"frm_required\"><\/span>\r\n    <\/label>\r\n    <input type=\"text\" id=\"field_qh4icy\" name=\"item_meta[1]\" value=\"\"  data-reqmsg=\"Este campo no puede estar en blanco.\" aria-required=\"true\" data-invmsg=\"Name no es v\u00e1lido\" aria-invalid=\"false\"   aria-describedby=\"frm_desc_field_qh4icy\"\/>\r\n    <div class=\"frm_description\" id=\"frm_desc_field_qh4icy\">Primer Nombre<\/div>\r\n    \r\n<\/div>\n<div id=\"frm_field_2_container\" class=\"frm_form_field form-field  frm_required_field frm_hidden_container frm_half\">\r\n    <label for=\"field_ocfup1\" id=\"field_ocfup1_label\" class=\"frm_primary_label\">Apellido\r\n        <span class=\"frm_required\"><\/span>\r\n    <\/label>\r\n    <input type=\"text\" id=\"field_ocfup1\" name=\"item_meta[2]\" value=\"\"  data-reqmsg=\"Este campo no puede estar en blanco.\" aria-required=\"true\" data-invmsg=\"Last no es v\u00e1lido\" aria-invalid=\"false\"   aria-describedby=\"frm_desc_field_ocfup1\"\/>\r\n    <div class=\"frm_description\" id=\"frm_desc_field_ocfup1\">Apellido<\/div>\r\n    \r\n<\/div>\n<div id=\"frm_field_3_container\" class=\"frm_form_field form-field  frm_required_field frm_top_container frm_full\">\r\n    <label for=\"field_29yf4d\" id=\"field_29yf4d_label\" class=\"frm_primary_label\">Correo Electr\u00f3nico\r\n        <span class=\"frm_required\"><\/span>\r\n    <\/label>\r\n    <input type=\"email\" id=\"field_29yf4d\" name=\"item_meta[3]\" value=\"\"  data-reqmsg=\"Este campo no puede estar en blanco.\" aria-required=\"true\" data-invmsg=\"Please enter a valid email address\" aria-invalid=\"false\"  \/>\r\n    \r\n    \r\n<\/div>\n<div id=\"frm_field_4_container\" class=\"frm_form_field form-field  frm_required_field frm_top_container frm_full\">\r\n    <label for=\"field_e6lis6\" id=\"field_e6lis6_label\" class=\"frm_primary_label\">Ingrese el Servicio a Consultar\r\n        <span class=\"frm_required\"><\/span>\r\n    <\/label>\r\n    <input type=\"text\" id=\"field_e6lis6\" name=\"item_meta[4]\" value=\"\"  data-reqmsg=\"Este campo no puede estar en blanco.\" aria-required=\"true\" data-invmsg=\"Subject no es v\u00e1lido\" aria-invalid=\"false\"  \/>\r\n    \r\n    \r\n<\/div>\n<div id=\"frm_field_5_container\" class=\"frm_form_field form-field  frm_required_field frm_top_container frm_full\">\r\n    <label for=\"field_9jv0r1\" id=\"field_9jv0r1_label\" class=\"frm_primary_label\">Mensaje\r\n        <span class=\"frm_required\"><\/span>\r\n    <\/label>\r\n    <textarea name=\"item_meta[5]\" id=\"field_9jv0r1\" rows=\"5\"  data-reqmsg=\"Este campo no puede estar en blanco.\" aria-required=\"true\" data-invmsg=\"Mensaje no es v\u00e1lido\" aria-invalid=\"false\"  ><\/textarea>\r\n    \r\n    \r\n<\/div>\n\t<input type=\"hidden\" name=\"item_key\" value=\"\" \/>\n\t\t\t<div id=\"frm_field_6_container\">\n\t\t\t<label for=\"field_wbybc\" >\n\t\t\t\tSi eres humano, deja este campo en blanco.\t\t\t<\/label>\n\t\t\t<input  id=\"field_wbybc\" type=\"text\" class=\"frm_form_field form-field frm_verify\" name=\"item_meta[6]\" value=\"\"  \/>\n\t\t<\/div>\n\t\t<input name=\"frm_state\" type=\"hidden\" value=\"jN\/ZuEgtIV4p0JFW1so\/M9Q1gnViaxyeFOkXzVrSBB0=\" \/><div class=\"frm_submit\">\r\n\r\n<button class=\"frm_button_submit\" type=\"submit\"  >Enviar<\/button>\r\n\r\n<\/div><\/div>\n<\/fieldset>\n<\/div>\n\n<\/form>\n<\/div>\n<\/div><\/div><\/div><\/div><\/div><\/section>\n","protected":false},"excerpt":{"rendered":"","protected":false},"author":1,"featured_media":0,"parent":0,"menu_order":0,"comment_status":"closed","ping_status":"closed","template":"page-template\/full-width.php","meta":{"footnotes":""},"class_list":["post-358","page","type-page","status-publish","hentry"],"_links":{"self":[{"href":"https:\/\/benalcazardorantes.com\/inicio\/wp-json\/wp\/v2\/pages\/358","targetHints":{"allow":["GET"]}}],"collection":[{"href":"https:\/\/benalcazardorantes.com\/inicio\/wp-json\/wp\/v2\/pages"}],"about":[{"href":"https:\/\/benalcazardorantes.com\/inicio\/wp-json\/wp\/v2\/types\/page"}],"author":[{"embeddable":true,"href":"https:\/\/benalcazardorantes.com\/inicio\/wp-json\/wp\/v2\/users\/1"}],"replies":[{"embeddable":true,"href":"https:\/\/benalcazardorantes.com\/inicio\/wp-json\/wp\/v2\/comments?post=358"}],"version-history":[{"count":12,"href":"https:\/\/benalcazardorantes.com\/inicio\/wp-json\/wp\/v2\/pages\/358\/revisions"}],"predecessor-version":[{"id":602,"href":"https:\/\/benalcazardorantes.com\/inicio\/wp-json\/wp\/v2\/pages\/358\/revisions\/602"}],"wp:attachment":[{"href":"https:\/\/benalcazardorantes.com\/inicio\/wp-json\/wp\/v2\/media?parent=358"}],"curies":[{"name":"wp","href":"https:\/\/api.w.org\/{rel}","templated":true}]}}